{"id":20,"date":"2018-02-18T21:14:56","date_gmt":"2018-02-18T20:14:56","guid":{"rendered":"https:\/\/jfleblanc.dectim.ca\/cours\/cw4\/semaine05\/?page_id=20"},"modified":"2024-01-21T15:21:18","modified_gmt":"2024-01-21T20:21:18","slug":"information","status":"publish","type":"page","link":"https:\/\/mdupont.dectim.ca\/pub\/wp\/semaine_7\/montrealenlumiere\/information\/","title":{"rendered":"Information"},"content":{"rendered":"\n<figure class=\"wp-block-image size-large\"><img loading=\"lazy\" decoding=\"async\" width=\"590\" height=\"325\" src=\"https:\/\/mdupont.dectim.ca\/pub\/wp\/semaine_7\/montrealenlumiere\/wp-content\/uploads\/2021\/02\/information.jpg\" alt=\"\" class=\"wp-image-60\" srcset=\"https:\/\/mdupont.dectim.ca\/pub\/wp\/semaine_7\/montrealenlumiere\/wp-content\/uploads\/2021\/02\/information.jpg 590w, https:\/\/mdupont.dectim.ca\/pub\/wp\/semaine_7\/montrealenlumiere\/wp-content\/uploads\/2021\/02\/information-300x165.jpg 300w, https:\/\/mdupont.dectim.ca\/pub\/wp\/semaine_7\/montrealenlumiere\/wp-content\/uploads\/2021\/02\/information-400x220.jpg 400w\" sizes=\"auto, (max-width: 590px) 100vw, 590px\" \/><\/figure>\n\n\n<p><strong>Heures d&rsquo;ouverture du site <\/strong><\/p>\n<p>Jeudi 18 f\u00e9vrier&nbsp;&nbsp;&nbsp;&nbsp;&nbsp;&nbsp;&nbsp;&nbsp;&nbsp; &nbsp;&nbsp;&nbsp;&nbsp;&nbsp;&nbsp;&nbsp;&nbsp;&nbsp;&nbsp;&nbsp;&nbsp; 17 h \u00e0 23 h<\/p>\n<p>Vendredi 19 f\u00e9vrier&nbsp;&nbsp; &nbsp;&nbsp;&nbsp;&nbsp;&nbsp;&nbsp;&nbsp;&nbsp;&nbsp;&nbsp;&nbsp;&nbsp; 17 h \u00e0 23 h<\/p>\n<p>Samedi 20 f\u00e9vrier&nbsp;&nbsp;&nbsp;&nbsp;&nbsp; &nbsp;&nbsp;&nbsp;&nbsp;&nbsp;&nbsp;&nbsp;&nbsp;&nbsp;&nbsp;&nbsp;&nbsp; midi \u00e0 23 h<\/p>\n<p>Dimanche 21 f\u00e9vrier&nbsp; &nbsp;&nbsp;&nbsp;&nbsp;&nbsp;&nbsp;&nbsp;&nbsp;&nbsp;&nbsp;&nbsp;&nbsp; midi \u00e0 18 h<\/p>\n<p>Jeudi 25 f\u00e9vrier&nbsp;&nbsp;&nbsp;&nbsp;&nbsp;&nbsp;&nbsp;&nbsp;&nbsp; &nbsp;&nbsp;&nbsp;&nbsp;&nbsp;&nbsp;&nbsp;&nbsp;&nbsp;&nbsp;&nbsp;&nbsp; 17 h \u00e0 23 h<\/p>\n<p>Vendredi 26 f\u00e9vrier&nbsp;&nbsp; &nbsp;&nbsp;&nbsp;&nbsp;&nbsp;&nbsp;&nbsp;&nbsp;&nbsp;&nbsp;&nbsp;&nbsp; 17 h \u00e0 23 h<\/p>\n<p>Samedi 27 f\u00e9vrier&nbsp;&nbsp;&nbsp;&nbsp;&nbsp; &nbsp;&nbsp;&nbsp;&nbsp;&nbsp;&nbsp;&nbsp;&nbsp;&nbsp;&nbsp;&nbsp;&nbsp; midi \u00e0 3 h<\/p>\n<p>Dimanche 28 f\u00e9vrier&nbsp; &nbsp;&nbsp;&nbsp;&nbsp;&nbsp;&nbsp;&nbsp;&nbsp;&nbsp;&nbsp;&nbsp;&nbsp; midi \u00e0 18 h<\/p>\n<p>&nbsp;<\/p>\n<p>Jeudi 3 mars&nbsp;&nbsp;&nbsp;&nbsp;&nbsp;&nbsp;&nbsp; &nbsp;&nbsp;&nbsp;&nbsp;&nbsp;&nbsp;&nbsp;&nbsp;&nbsp;&nbsp;&nbsp;&nbsp;&nbsp;&nbsp;&nbsp;&nbsp;&nbsp;&nbsp; midi \u00e0 23 h<\/p>\n<p>Vendredi 4 mars &nbsp;&nbsp;&nbsp;&nbsp;&nbsp;&nbsp;&nbsp;&nbsp;&nbsp;&nbsp;&nbsp;&nbsp;&nbsp;&nbsp;&nbsp;&nbsp;&nbsp;&nbsp; midi \u00e0 23 h<\/p>\n<p>Samedi 5 mars&nbsp;&nbsp;&nbsp; &nbsp;&nbsp;&nbsp;&nbsp;&nbsp;&nbsp;&nbsp;&nbsp;&nbsp;&nbsp;&nbsp;&nbsp;&nbsp;&nbsp;&nbsp;&nbsp;&nbsp;&nbsp; midi \u00e0 23 h<\/p>\n<p>*Le site est ferm\u00e9 les lundis, mardis et mercredis.<\/p>\n<p>&nbsp;<\/p>","protected":false},"excerpt":{"rendered":"<p>Heures d&rsquo;ouverture du site Jeudi 18 f\u00e9vrier&nbsp;&nbsp;&nbsp;&nbsp;&nbsp;&nbsp;&nbsp;&nbsp;&nbsp; &nbsp;&nbsp;&nbsp;&nbsp;&nbsp;&nbsp;&nbsp;&nbsp;&nbsp;&nbsp;&nbsp;&nbsp; 17 h \u00e0 23 h Vendredi 19 f\u00e9vrier&nbsp;&nbsp; &nbsp;&nbsp;&nbsp;&nbsp;&nbsp;&nbsp;&nbsp;&nbsp;&nbsp;&nbsp;&nbsp;&nbsp; 17 h \u00e0 [&hellip;]<\/p>\n","protected":false},"author":2,"featured_media":0,"parent":0,"menu_order":0,"comment_status":"closed","ping_status":"closed","template":"template-information.php","meta":{"footnotes":""},"class_list":["post-20","page","type-page","status-publish","hentry"],"_links":{"self":[{"href":"https:\/\/mdupont.dectim.ca\/pub\/wp\/semaine_7\/montrealenlumiere\/wp-json\/wp\/v2\/pages\/20","targetHints":{"allow":["GET"]}}],"collection":[{"href":"https:\/\/mdupont.dectim.ca\/pub\/wp\/semaine_7\/montrealenlumiere\/wp-json\/wp\/v2\/pages"}],"about":[{"href":"https:\/\/mdupont.dectim.ca\/pub\/wp\/semaine_7\/montrealenlumiere\/wp-json\/wp\/v2\/types\/page"}],"author":[{"embeddable":true,"href":"https:\/\/mdupont.dectim.ca\/pub\/wp\/semaine_7\/montrealenlumiere\/wp-json\/wp\/v2\/users\/2"}],"replies":[{"embeddable":true,"href":"https:\/\/mdupont.dectim.ca\/pub\/wp\/semaine_7\/montrealenlumiere\/wp-json\/wp\/v2\/comments?post=20"}],"version-history":[{"count":1,"href":"https:\/\/mdupont.dectim.ca\/pub\/wp\/semaine_7\/montrealenlumiere\/wp-json\/wp\/v2\/pages\/20\/revisions"}],"predecessor-version":[{"id":143,"href":"https:\/\/mdupont.dectim.ca\/pub\/wp\/semaine_7\/montrealenlumiere\/wp-json\/wp\/v2\/pages\/20\/revisions\/143"}],"wp:attachment":[{"href":"https:\/\/mdupont.dectim.ca\/pub\/wp\/semaine_7\/montrealenlumiere\/wp-json\/wp\/v2\/media?parent=20"}],"curies":[{"name":"wp","href":"https:\/\/api.w.org\/{rel}","templated":true}]}}